{"id":4950,"date":"2025-04-30T12:28:10","date_gmt":"2025-04-30T12:28:10","guid":{"rendered":"https:\/\/teditour.cambia-marketing.it\/?page_id=4950"},"modified":"2025-04-30T12:36:33","modified_gmt":"2025-04-30T12:36:33","slug":"prenotazioni-e-pagamenti","status":"publish","type":"page","link":"https:\/\/teditour.com\/en\/prenotazioni-e-pagamenti\/","title":{"rendered":"Bookings and Payments"},"content":{"rendered":"<div data-elementor-type=\"wp-page\" data-elementor-id=\"4950\" class=\"elementor elementor-4950\" data-elementor-post-type=\"page\">\n\t\t\t\t<div class=\"elementor-element elementor-element-6db2639 e-con-full e-flex e-con e-child\" data-id=\"6db2639\" data-element_type=\"container\" data-e-type=\"container\">\n\t\t<div class=\"elementor-element elementor-element-4516733 e-con-full e-flex e-con e-child\" data-id=\"4516733\" data-element_type=\"container\" data-e-type=\"container\">\n\t\t\t\t<div class=\"elementor-element elementor-element-07d9565 elementor-widget-tablet__width-inherit elementor-widget elementor-widget-heading\" data-id=\"07d9565\" data-element_type=\"widget\" data-e-type=\"widget\" data-widget_type=\"heading.default\">\n\t\t\t\t<div class=\"elementor-widget-container\">\n\t\t\t\t\t<h2 class=\"elementor-heading-title elementor-size-default\">PRENOTAZIONI E PAGAMENTI\n<\/h2>\t\t\t\t<\/div>\n\t\t\t\t<\/div>\n\t\t\t\t<div class=\"elementor-element elementor-element-4c76ece elementor-widget elementor-widget-text-editor\" data-id=\"4c76ece\" data-element_type=\"widget\" data-e-type=\"widget\" data-widget_type=\"text-editor.default\">\n\t\t\t\t<div class=\"elementor-widget-container\">\n\t\t\t\t\t\t\t\t\t<p><span style=\"color: #012340;\">Tutte le prenotazioni devono essere effettuate inviando una e-mail a\u00a0<a style=\"color: #012340;\" href=\"mailto:info@teditour.it\">info@teditour.it<\/a>\u00a0oppure chiamando i seguenti numeri di telefono:\u00a0<a style=\"color: #012340;\" href=\"tel:+390804054038\">+39.080.40.54.038<\/a>\u00a0\/\u00a0<a style=\"color: #012340;\" href=\"tel:+393397242900\">+39.339.72.42.900<\/a>\u00a0(lingua italiana) e\u00a0<a style=\"color: #012340;\" href=\"tel:+393755398610\">+39.375.53.98.610<\/a>\u00a0(lingua inglese e francese).<\/span><\/p><p><span style=\"color: #012340;\">Si ricever\u00e0 la conferma entro 5 ore, a prescindere della disponibilit\u00e0. Se l\u2019escursione \u00e8 gi\u00e0 full verranno comunicate le date disponibili.<\/span><\/p><p><span style=\"color: #012340;\">Alla conferma sar\u00e0 inviato via mail e\/o via WhatsApp il voucher da presentare all\u2019assistente\/guida.<\/span><\/p><p><span style=\"color: #012340;\">I pagamenti possono essere effettuati con\u00a0<strong>bonifico bancario<\/strong>,\u00a0<strong>PayPal (Compresa qualsiasi carta di credito\/debito)<\/strong>,\u00a0<strong>Satispay<\/strong>\u00a0o\u00a0<strong>Servizio M.O.T.O. (carta di credito a distanza)<\/strong>.<\/span><\/p><h5><strong>BONIFICO BANCARIO<\/strong><\/h5><p>Intestato a:<br \/>TE.DI. TOUR OPERATOR SRL<br \/>BANCA CASSA RURALE ED ARTIGIANA DI CASTELLANA GROTTE<br \/>FILIALE DI PUTIGNANO<br \/>IBAN: IT 74 U 08469 41630 000000043553 \u2013 BIC\/SWIFT: ICRAITRRD10<\/p><h5><strong>PAYPAL<\/strong><\/h5><p>Vi sar\u00e0 inviata la richiesta di pagamento a nome di Te.Di Tour Operatore da saldare comodamente da qualsiasi PC, tablet o smartphone e in tutta sicurezza.<\/p><h5><strong>SATISPAY<\/strong><\/h5><p>Cerca nell\u2019app \u201cTe.Di Tour Operator \u2013 Putignano\u201d e invia il pagamento.<\/p><h5><strong>SERVIZIO M.O.T.O (carta di credito a distanza)<\/strong><\/h5><p>\u00c8 possibile effettuare il pagamento a distanza, senza la presenza fisica del titolare della carta di credito: mediante il servizio MOTO (Mail Order Telephone Order), Te.Di Tour pu\u00f2 accettare i pagamenti con carta anche via telefono o per corrispondenza.<\/p><h3>\u00a0<\/h3>\t\t\t\t\t\t\t\t<\/div>\n\t\t\t\t<\/div>\n\t\t\t\t<div class=\"elementor-element elementor-element-9f6a3cc elementor-widget-tablet__width-inherit elementor-widget elementor-widget-heading\" data-id=\"9f6a3cc\" data-element_type=\"widget\" data-e-type=\"widget\" data-widget_type=\"heading.default\">\n\t\t\t\t<div class=\"elementor-widget-container\">\n\t\t\t\t\t<h2 class=\"elementor-heading-title elementor-size-default\">MODALIT\u00c0 DI CANCELLAZIONE EXPERIENCE\n<\/h2>\t\t\t\t<\/div>\n\t\t\t\t<\/div>\n\t\t\t\t<div class=\"elementor-element elementor-element-46ed302 elementor-widget elementor-widget-text-editor\" data-id=\"46ed302\" data-element_type=\"widget\" data-e-type=\"widget\" data-widget_type=\"text-editor.default\">\n\t\t\t\t<div class=\"elementor-widget-container\">\n\t\t\t\t\t\t\t\t\t<p>Effettuando la cancellazione almeno 7 giorni prima della partenza pianificata, non \u00e8 prevista alcuna spesa di cancellazione (detrazione spese di transazione bancaria o carta di credito).<\/p><p>Se si effettua la cancellazione tra 3 e 6 giorni prima della partenza pianificata, \u00e8 prevista una spesa di cancellazione pari al 50% (detrazione spese di transazione bancaria o carta di credito).<\/p><p>Se si effettua la cancellazione entro 2 giorni dalla partenza pianificata, \u00e8 prevista una spesa di cancellazione pari al 100% (detrazione spese di transazione bancaria o carta di credito).<\/p>\t\t\t\t\t\t\t\t<\/div>\n\t\t\t\t<\/div>\n\t\t\t\t<div class=\"elementor-element elementor-element-55f235f elementor-widget-tablet__width-inherit elementor-widget elementor-widget-heading\" data-id=\"55f235f\" data-element_type=\"widget\" data-e-type=\"widget\" data-widget_type=\"heading.default\">\n\t\t\t\t<div class=\"elementor-widget-container\">\n\t\t\t\t\t<h2 class=\"elementor-heading-title elementor-size-default\">SERVIZI SU RICHIESTA\n<\/h2>\t\t\t\t<\/div>\n\t\t\t\t<\/div>\n\t\t\t\t<div class=\"elementor-element elementor-element-f5ae776 elementor-widget elementor-widget-text-editor\" data-id=\"f5ae776\" data-element_type=\"widget\" data-e-type=\"widget\" data-widget_type=\"text-editor.default\">\n\t\t\t\t<div class=\"elementor-widget-container\">\n\t\t\t\t\t\t\t\t\t<ul><li>transfer da qualsiasi luogo di richiesta<\/li><li>pranzi\/cene in agriturismo \u2013 masserie \u2013 osterie \u2013 ristoranti<\/li><li>altre guide in lingua<\/li><li>tariffe ad hoc per gruppi famiglie o amici (minimo 6 persone)<\/li><li>esperienze accessibili per utenti su sedia a rotelle previa prenotazione 7 giorni prima; se \u00e8 necessaria assistenza per persone su sedia a rotelle, si prega di comunicarlo al momento della prenotazione<\/li><\/ul><p>Tedi Tour pu\u00f2 effettuare qualsiasi esperienza, anche di diversa tipologia, in tutto il territorio della Puglia e della Basilicata, con prenotazione 3 giorni prima.<\/p>\t\t\t\t\t\t\t\t<\/div>\n\t\t\t\t<\/div>\n\t\t\t\t<div class=\"elementor-element elementor-element-298b5c4 elementor-widget-tablet__width-inherit elementor-widget elementor-widget-heading\" data-id=\"298b5c4\" data-element_type=\"widget\" data-e-type=\"widget\" data-widget_type=\"heading.default\">\n\t\t\t\t<div class=\"elementor-widget-container\">\n\t\t\t\t\t<h2 class=\"elementor-heading-title elementor-size-default\">INFORMAZIONI AGGIUNTIVE\n<\/h2>\t\t\t\t<\/div>\n\t\t\t\t<\/div>\n\t\t\t\t<div class=\"elementor-element elementor-element-4d98725 elementor-widget elementor-widget-text-editor\" data-id=\"4d98725\" data-element_type=\"widget\" data-e-type=\"widget\" data-widget_type=\"text-editor.default\">\n\t\t\t\t<div class=\"elementor-widget-container\">\n\t\t\t\t\t\t\t\t\t<ul><li>I bambini da 0-2 anni partecipano alle escursioni gratuitamente (purch\u00e9 non occupino un posto a sedere)<\/li><li>Per gruppi di almeno 6 persone, \u00e8 previsto uno sconto<\/li><li>Con l\u2019acquisto di pi\u00f9 escursioni si applicheranno sconti ad hoc<\/li><li>Ad ogni escursione verr\u00e0 consegnato un coupon sconto per un\u2019escursione successiva da utilizzare entro l\u2019anno solare<\/li><li>Le escursioni in barca vengono effettuate solo in buone condizioni meteorologiche.<\/li><li>Tutte le esperienze sono coperte da assicurazione responsabilit\u00e0 civile<\/li><\/ul>\t\t\t\t\t\t\t\t<\/div>\n\t\t\t\t<\/div>\n\t\t\t\t<\/div>\n\t\t\t\t<\/div>\n\t\t\t\t<\/div>","protected":false},"excerpt":{"rendered":"<p>PRENOTAZIONI E PAGAMENTI Tutte le prenotazioni devono essere effettuate inviando una e-mail a\u00a0info@teditour.it\u00a0oppure chiamando i seguenti numeri di telefono:\u00a0+39.080.40.54.038\u00a0\/\u00a0+39.339.72.42.900\u00a0(lingua italiana) e\u00a0+39.375.53.98.610\u00a0(lingua inglese e francese). Si ricever\u00e0 la conferma entro 5 ore, a prescindere della disponibilit\u00e0. Se l\u2019escursione \u00e8 gi\u00e0 full verranno comunicate le date disponibili. Alla conferma sar\u00e0 inviato via mail e\/o via WhatsApp il [&hellip;]<\/p>\n","protected":false},"author":1,"featured_media":0,"parent":0,"menu_order":0,"comment_status":"closed","ping_status":"closed","template":"elementor_header_footer","meta":{"footnotes":""},"class_list":["post-4950","page","type-page","status-publish","hentry"],"_links":{"self":[{"href":"https:\/\/teditour.com\/en\/wp-json\/wp\/v2\/pages\/4950","targetHints":{"allow":["GET"]}}],"collection":[{"href":"https:\/\/teditour.com\/en\/wp-json\/wp\/v2\/pages"}],"about":[{"href":"https:\/\/teditour.com\/en\/wp-json\/wp\/v2\/types\/page"}],"author":[{"embeddable":true,"href":"https:\/\/teditour.com\/en\/wp-json\/wp\/v2\/users\/1"}],"replies":[{"embeddable":true,"href":"https:\/\/teditour.com\/en\/wp-json\/wp\/v2\/comments?post=4950"}],"version-history":[{"count":4,"href":"https:\/\/teditour.com\/en\/wp-json\/wp\/v2\/pages\/4950\/revisions"}],"predecessor-version":[{"id":4957,"href":"https:\/\/teditour.com\/en\/wp-json\/wp\/v2\/pages\/4950\/revisions\/4957"}],"wp:attachment":[{"href":"https:\/\/teditour.com\/en\/wp-json\/wp\/v2\/media?parent=4950"}],"curies":[{"name":"wp","href":"https:\/\/api.w.org\/{rel}","templated":true}]}}