{"id":4958,"date":"2025-04-30T12:38:56","date_gmt":"2025-04-30T12:38:56","guid":{"rendered":"https:\/\/teditour.cambia-marketing.it\/?page_id=4958"},"modified":"2026-03-06T06:15:25","modified_gmt":"2026-03-06T06:15:25","slug":"termini-condizioni","status":"publish","type":"page","link":"https:\/\/teditour.com\/en\/termini-condizioni\/","title":{"rendered":"Termini e Condizioni"},"content":{"rendered":"<div data-elementor-type=\"wp-page\" data-elementor-id=\"4958\" class=\"elementor elementor-4958\" data-elementor-post-type=\"page\">\n\t\t\t\t<div class=\"elementor-element elementor-element-6db2639 e-con-full e-flex e-con e-child\" data-id=\"6db2639\" data-element_type=\"container\" data-e-type=\"container\">\n\t\t<div class=\"elementor-element elementor-element-4516733 e-con-full e-flex e-con e-child\" data-id=\"4516733\" data-element_type=\"container\" data-e-type=\"container\">\n\t\t\t\t<div class=\"elementor-element elementor-element-07d9565 elementor-widget-tablet__width-inherit elementor-widget elementor-widget-heading\" data-id=\"07d9565\" data-element_type=\"widget\" data-e-type=\"widget\" data-widget_type=\"heading.default\">\n\t\t\t\t<div class=\"elementor-widget-container\">\n\t\t\t\t\t<h2 class=\"elementor-heading-title elementor-size-default\">CONDIZIONI GENERALI DI CONTRATTO DI VENDITA DI PACCHETTI TURISTICI.\n<\/h2>\t\t\t\t<\/div>\n\t\t\t\t<\/div>\n\t\t\t\t<div class=\"elementor-element elementor-element-4c76ece elementor-widget elementor-widget-text-editor\" data-id=\"4c76ece\" data-element_type=\"widget\" data-e-type=\"widget\" data-widget_type=\"text-editor.default\">\n\t\t\t\t<div class=\"elementor-widget-container\">\n\t\t\t\t\t\t\t\t\t<p>1. FONTI LEGISLATIVE<\/p><p>La vendita di pacchetti turistici, che abbiano ad oggetto servizi da fornire in territorio sia nazionale che estero, \u00e8 disciplinata dalla L. 27\/12\/1977 n\u00b01084 di ratifica ed esecuzione della Convenzione Internazionale relativa al contratto di viaggio (CCV) firmata a Bruxelles il 23.4.1970 \u2013 in quanto applicabile \u2013 nonch\u00e9 dal Codice del Consumo di cui al D.Lgs n. 206 del 6 settembre 2005 (art.82-100) e successive modificazioni.<\/p><p>2. AUTORIZZAZIONI<\/p><p>L\u2019organizzatore e venditore del pacchetto turistico, cui il consumatore si rivolge, devono essere autorizzati all\u2019esecuzione delle rispettive attivit\u00e0 in base alla normativa amministrativa applicabile.<\/p><p>3. DEFINIZIONI<\/p><p>Ai fini del presente contratto s\u2019intende per:<br \/>a) organizzatore di viaggio, il soggetto che realizza la combinazione degli elementi di cui al seguente art. 4 e si obbliga in nome proprio e verso corrispettivo forfetario a procurare a terzi pacchetti turistici;<br \/>b) venditore, il soggetto che vende o si obbliga a procurare pacchetti turistici realizzati ai sensi del seguente art. 4 verso un corrispettivo forfetario;<br \/>c) consumatore di pacchetti turistici, l\u2019acquirente, il cessionario di un pacchetto turistico o qualunque persona anche da nominare, purch\u00e9 soddisfi tutte le condizioni richieste per la fruizione del servizio, per conto della quale il contraente principale si impegna ad acquistare senza remunerazione un pacchetto turistico.<\/p><p>4. NOZIONE DI PACCHETTO TURISTICO<\/p><p>La nozione di pacchetto turistico \u00e8 la seguente:<\/p><p>I pacchetti turistici hanno ad oggetto i viaggi, le vacanze ed i circuiti \u201ctutto compreso\u201d, risultanti dalla prefissata combinazione di almeno due elementi di seguito indicati, venduti od offerto in vendita ad un prezzo forfetario, e di durata superiore alle 24 ore ovvero estendentesi per un periodo di tempo comprendente almeno una notte:<br \/>a) trasporto;<br \/>b) alloggio;<br \/>c) servizi turistici non accessori al trasporto o all\u2019alloggio (omissis)\u2026\u2026che costituiscano parte significativa del \u201cpacchetto turistico\u201d (art. 84 Cod. Cons.).<\/p><p>Il consumatore ha diritto di ricevere copia del contratto di vendita di pacchetto turistico (ai sensi degli artt. 85 e 86 Cod.Cons.), che \u00e8 anche documento per accedere eventualmente al Fondo di Garanzia di cui all\u2019art. 20 delle presenti Condizioni Generali di Contratto.<\/p><p>5. INFORMAZIONI OBBLIGATORIE-SCHEDA TECNICA<\/p><p>L\u2019organizzatore ha l\u2019obbligo di realizzare in catalogo o nel programma fuori catalogo una scheda tecnica. Gli elementi obbligatori da inserire nella scheda tecnica del catalogo o del programma fuori catalogo sono:<\/p><p>\u2013 estremi dell\u2019autorizzazione amministrativa o, se applicabile, la D.I.A. dell\u2019organizzatore;<\/p><p>\u2013 estremi della polizza assicurativa di responsabilit\u00e0 civile;<\/p><p>\u2013 periodo di validit\u00e0 del catalogo o del programma fuori catalogo;<\/p><p>\u2013 modalit\u00e0 e condizioni di sostituzione del viaggiatore (Art. 89 Cod. Cons.);<\/p><p>\u2013 parametri e criteri di adeguamento del prezzo del viaggio (Art. 90 Cod. Cons.). L\u2019organizzatore inoltre informer\u00e0 i passeggeri circa l\u2019identit\u00e0 del\/i vettore\/i effettivo\/i nei tempi e con le modalit\u00e0 previste dall\u2019art. 11 del Reg. CE 2111\/2005.<\/p><p>6. PRENOTAZIONI<\/p><p>La domanda di prenotazione dovr\u00e0 essere redatta su apposito modulo contrattuale, se del caso elettronico, compilato in ogni sua parte e sottoscritto dal consumatore, che ne ricever\u00e0 copia. L\u2019accettazione delle prenotazioni si intende perfezionata, con conseguente conclusione del contratto, solo nel momento in cui l\u2019organizzatore invier\u00e0 relativa conferma, anche a mezzo sistema telematico, al consumatore presso l\u2019agenzia di viaggi venditrice. Le indicazioni relative al pacchetto turistico non contenute nei documenti contrattuali, negli opuscoli ovvero in altri mezzi di comunicazione scritta, saranno fornite dall\u2019organizzatore in regolare adempimento degli obblighi previsti a proprio carico dall\u2019art. 87. comma 2 Cod. Cons. prima dell\u2019inizio del viaggio.<\/p><p>7. PAGAMENTI<\/p><p>La misura dell\u2019acconto, fino a un massimo del 25% del prezzo del pacchetto turistico, da versare all\u2019atto della prenotazione ovvero all\u2019atto della richiesta impegnativa e la data entro cui, prima della partenza, dovr\u00e0 essere effettuato il saldo, risultano dal catalogo, dall\u2019opuscolo o da quanto altro.<\/p><p>Il mancato pagamento delle somme di cui sopra alle date stabilite costituisce la clausola risolutiva espressa tale da determinare, da parte dell\u2019agenzia intermediaria e\/o dell\u2019organizzatore la risoluzione di diritto.<\/p><p>8. PREZZO<\/p><p>Il prezzo del pacchetto turistico \u00e8 determinato nel contratto, con riferimento a quanto indicato in catalogo o programma fuori catalogo ed agli eventuali aggiornamenti degli stessi cataloghi o programmi fuori catalogo successivamente intervenuti. Esso potr\u00e0 essere variato fino a 20 giorni precedenti la partenza e soltanto in conseguenza alle variazioni di: \u2013 costi di trasporto, incluso il costo del carburante;<\/p><p>\u2013 diritti e tasse su alcune tipologie di servizi turistici quali imposte, tasse di atterraggio, di sbarco o di imbarco nei porti e negli aeroporti;<\/p><p>\u2013 tassi di cambio applicati al pacchetto in questione.<\/p><p>Per tali variazioni si far\u00e0 riferimento al corso dei cambi ed ai costi di cui sopra in vigore alla data di pubblicazione del programma come riportata nella scheda tecnica del catalogo ovvero alla data riportata negli eventuali aggiornamenti di cui sopra.<\/p><p>Le oscillazioni incideranno sul prezzo forfetario del pacchetto turistico nella percentuale espressamente indicata nella scheda tecnica del catalogo o programma fuori catalogo.<\/p><p>9. MODIFICA, ANNULLAMENTO DEL PACCHETTO TURISTICO PRIMA DELLA PARTENZA<\/p><p>Prima della partenza l\u2019organizzatore o il venditore che abbia necessit\u00e0 di modificare in modo significativo uno o pi\u00f9 elementi del contratto, ne d\u00e0 immediato avviso in forma scritta o verbale al consumatore, indicando il tipo di modifica e la variazione del prezzo che ne consegue.<\/p><p>Ove non accetti la proposta di modifica di cui al comma 1, il consumatore potr\u00e0 esercitare alternativamente il diritto di riacquisire la somma gi\u00e0 pagata o di godere dell\u2019offerta di un pacchetto turistico sostitutivo ai sensi del 2\u00b0 e 3\u00b0 comma dell\u2019articolo 10.<\/p><p>Il consumatore pu\u00f2 esercitare i diritti sopra previsti anche quando l\u2019annullamento dipenda dal mancato raggiungimento del numero minimo di partecipanti previsto nel Catalogo o nel Programma fuori catalogo o da casi di forza maggiore, da caso fortuito e da mancato raggiungimento del numero minimo di partecipanti, nonch\u00e9 per quelli diversi dalla mancata accettazione da parte del consumatore del pacchetto turistico alternativo offerto, l\u2019organizzazione che annulla, (Art. 33 lett.e Cod. Cons.) restituir\u00e0 al consumatore il doppio di quanto dallo stesso pagato e incassato dall\u2019organizzatore, tramite l\u2019agente di viaggio.<\/p><p>La somma oggetto della restituzione non sar\u00e0 mai superiore al doppio degli importi di cui il consumatore sarebbe in pari data debitore secondo quanto previsto dall\u2019art. 10, 4\u00b0comma qualora fosse egli ad annullare.<\/p><p>10. RECESSO DEL CONSUMATORE<\/p><p>Il consumatore pu\u00f2 recedere dal contratto, senza pagare penali, nelle seguenti ipotesi:<\/p><p>\u2013 aumento del prezzo di cui al precedente art. 8 in misura eccedente il 10%;<\/p><p>\u2013 modifica in modo significativo di uno o pi\u00f9 elementi del contratto oggettivamente configurabili come fondamentali ai fini della fruizione del pacchetto turistico complessivamente considerato e proposta dall\u2019organizzatore dopo la conclusione del contratto stesso ma prima della partenza e non accettata dal consumatore.<\/p><p>Nei casi di cui sopra, il consumatore ha alternativamente diritto:<\/p><p>\u2013 ad usufruire di un pacchetto turistico alternativo, senza supplemento di prezzo o con la restituzione dell\u2019eccedenza di prezzo, qualora il secondo pacchetto turistico abbia valore inferiore al primo;<\/p><p>\u2013 alla restituzione della sola parte di prezzo gi\u00e0 corrisposta. Tale restituzione dovr\u00e0 essere effettuata entro sette giorni lavorativi dal momento del ricevimento della richiesta di rimborso.<\/p><p>Il consumatore dovr\u00e0 dare comunicazione della propria decisione (di accettare la modifica o di recedere) entro e non oltre due giorni lavorativi dal momento in cui ha ricevuto l\u2019avviso di aumento o di modifica. In difetto di espressa comunicazione della propria decisione (di accettare la modifica o di recedere) entro e non oltre due giorni lavorativi dal momento in cui ha ricevuto l\u2019avviso di aumento o di modifica, la proposta formulata dall\u2019organizzatore si intende accettata.<\/p><p>Al consumatore che receda dal contratto prima della partenza al di fuori delle ipotesi elencate al primo comma, saranno addebitati \u2013 indipendentemente dal pagamento dell\u2019acconto di cui all\u2019art. 7 comma 1 \u2013il costo individuale di gestione pratica , la penale nella misura indicata nella scheda tecnica del Catalogo o Programma fuori catalogo o viaggio su misura, l\u2019eventuale corrispettivo di coperture assicurative gi\u00e0 richieste al momento della conclusione del contratto o per altri servizi gi\u00e0 resi.<\/p><p>Nel caso di gruppi precostituiti tali somme verranno concordate di volta in volta alla firma del contratto.<\/p><p>11. MODIFICHE DOPO LA PARTENZA<\/p><p>L\u2019organizzatore, qualora dopo la partenza si trovi nell\u2019impossibilit\u00e0 di fornire qualsiasi ragione, tranne che per un fatto proprio del consumatore, una parte essenziale dei servizi contemplati in contratto, dovr\u00e0 predisporre soluzioni alternative, senza supplementi di prezzo a carico del contraente e qualora le prestazioni fornite siano di valore inferiore rispetto a quelle previste, rimborsarlo in misura pari a tale differenza. Qualora non risulti possibile alcuna soluzione alternativa, ovvero la soluzione predisposta dall\u2019organizzatore venga rifiutata dal consumatore per comprovanti e giustificati motivi, l\u2019organizzatore fornir\u00e0 senza supplemento di prezzo, un mezzo di trasporto equivalente a quello originario previsto per il ritorno al luogo di partenza o al diverso luogo eventualmente pattuito, compatibile alle disponibilit\u00e0 di mezzi e posti, e lo rimborser\u00e0 nella misura della differenza tra il costo delle prestazioni previste e quello delle prestazioni effettuate fino al momento del rientro anticipato.<\/p><p>12. SOSTITUZIONI<\/p><p>Il consumatore rinunciatario pu\u00f2 farsi sostituire da altra persona sempre che:<\/p><p>l\u2019organizzatore ne sia informato per iscritto almeno 4 giorni lavorativi prima della data fissata per la partenza, ricevendo contestualmente comunicazione circa le ragioni della sostituzione e le generalit\u00e0 del cessionario;<br \/>il cessionario soddisfi tutte le condizioni per la fruizione del servizio (ex art.89 Cod.Cons.) ed in particolare i requisiti relativi al passaporto, ai visti, ai certificati sanitari;<br \/>i servizi medesimi o altri servizi in sostituzione possano essere erogati a seguito della sostituzione;<br \/>il sostituto rimborsi all\u2019organizzatore tutte le spese aggiuntive sostenute per procedere alla sostituzione, nella misura che gli verr\u00e0 quantificata prima della cessione. Il cedente ed il cessionario sono solidalmente responsabili per il pagamento del saldo del prezzo nonch\u00e9 degli importi di cui alla lettera d) del presente articolo. Le ulteriori modalit\u00e0 e condizioni di sostituzione sono indicate in scheda tecnica.<br \/>13. OBBLIGHI DEI CONSUMATORI<\/p><p>Nel corso delle trattative e comunque prima della conclusione del contratto, ai cittadini italiani sono fornite per iscritto le informazioni di carattere generale aggiornate alla data di stampa del catalogo relative agli obblighi sanitari e alla documentazione necessaria per l\u2019espatrio. I cittadini stranieri reperiranno le corrispondenti informazioni attraverso le loro rappresentanze diplomatiche presenti in Italia e\/o i rispettivi canali informativi governativi ufficiali. In ogni caso i consumatori provvederanno, prima della partenza, a verificarne l\u2019aggiornamento presso le competenti autorit\u00e0 (per i cittadini italiani le locali Questure ovvero il Ministero degli Affari Esteri tramite il sito www.viaggiaresicuri.it ovvero la Centrale Operativa Tecnica al numero 06.491115) adeguandovisi prima del viaggio. In assenza di tale verifica, nessuna responsabilit\u00e0 per la mancata partenza di uno o pi\u00f9 consumatori potr\u00e0 essere imputata al venditore o all\u2019organizzatore. I consumatori dovranno informare il venditore e l\u2019organizzatore della propria cittadinanza e, al momento della partenza, dovranno accertarsi definitivamente di essere muniti dei certificati di vaccinazione, del passaporto individuale e di ogni altro documento valido per tutti i Paesi toccati dall\u2019itinerario, nonch\u00e9 dei visti di soggiorno, di transito e dei certificati sanitari che fossero eventualmente richiesti. Inoltre, al fine di valutare la situazione sanitaria e di sicurezza dei Paesi di destinazione e, dunque, l\u2019utilizzabilit\u00e0 oggettiva dei servizi acquistati o da acquistare, il consumatore reperir\u00e0 (facendo uso delle fonti informative indicati al comma 2) le informazioni ufficiali di carattere generale presso il Ministero Affari Esteri che indica espressamente se le destinazioni sono o meno assoggettate a formale sconsiglio.<\/p><p>I consumatori dovranno inoltre attenersi all\u2019osservanza delle regole di normale prudenza e di diligenza ed a quelle specifiche in vigore nei paesi destinazione del viaggi, a tutte le informazioni fornite loro dall\u2019organizzatore nonch\u00e9 ai regolamenti alle disposizioni amministrative o legislative relative al pacchetto turistico. I consumatori saranno chiamati a rispondere di tutti i danni che l\u2019organizzatore e\/o il venditore dovessero subire anche a causa del mancato rispetto degli obblighi sopra indicati. Il consumatore \u00e8 tenuto a fornire all\u2019organizzatore tutti i documenti, le informazioni e gli elementi in suo possesso utili per l\u2019esercizio del diritto di surroga di quest\u2019ultimo nei confronti dei terzi responsabili del danno ed \u00e8 responsabile verso l\u2019organizzatore del pregiudizio arrecato al diritto di surrogazione. Il consumatore comunicher\u00e0 altres\u00ec per iscritto all\u2019organizzatore, all\u2019atto della prenotazione, le particolari richieste personali che potranno formare oggetto di accordi specifici sulle modalit\u00e0 del viaggio, sempre che ne risulti possibile l\u2019attuazione.<\/p><p>Il consumatore \u00e8 sempre tenuto ad informare il venditore e l\u2019Organizzatore di eventuali sue esigenze o condizioni particolari (gravidanza, intolleranze alimentari, disabilit\u00e0, ecc\u2026) e a specificare esplicitamente la richiesta di relativi servizi personalizzati.<\/p><p>14. CLASSIFICAZIONE ALBERGHIERA<\/p><p>La classificazione ufficiale delle strutture alberghiere viene fornita in catalogo od in altro materiale informativo soltanto in base alle espresse e formali indicazioni delle competenti autorit\u00e0 del paese in cui il servizio \u00e8 erogato.<\/p><p>In assenza di classificazioni ufficiali riconosciute dalle competenti Pubbliche Autorit\u00e0 dei Paesi anche membri della UE cui il servizio si riferisce, l\u2019organizzatore si riserva la facolt\u00e0 di fornire in catalogo o nel depliant una propria descrizione della struttura ricettiva, tale da permettere una valutazione e conseguente accettazione della stessa da parte del consumatore.<\/p><p>15. REGIME DI RESPONSABILITA\u2019<\/p><p>L\u2019organizzatore risponde dei danni arrecati al consumatore a motivo dell\u2019inadempimento totale o parziale delle prestazioni contrattualmente dovute, sia che le stesse vengano effettuate da lui personalmente che da terzi fornitori dei servizi, a meno che provi che l\u2019evento \u00e8 derivato dal fatto del consumatore (ivi comprese iniziative autonomamente assunte da quest\u2019ultimo nel corso dell\u2019esecuzione dei servizi turistici) o da circostanze estranee alla fornitura delle prestazioni previste in contratto, da caso fortuito, da forza maggiore, ovvero da circostanze che lo stesso organizzatore non poteva, secondo la diligenza professionale, ragionevolmente prevedere o risolvere.<\/p><p>Il venditore presso il quale sia stata effettuata la prenotazione del pacchetto turistico non risponde in alcun caso delle obbligazioni nascenti dall\u2019organizzazione del viaggio, ma \u00e8 responsabile esclusivamente delle obbligazioni nascenti dalla sua qualit\u00e0 di intermediario e comunque nei limiti previsti per tale responsabilit\u00e0 dalle norme vigenti in materia.<\/p><p>16. LIMITI DEL RISARCIMENTO<\/p><p>Il risarcimento dei danni non pu\u00f2 essere in ogni caso superiore ai limiti indicati dagli artt. 94 e 95 del Codice del Consumo.<\/p><p>17. OBBLIGHI DI ASSISTENZA<\/p><p>L\u2019organizzatore \u00e8 tenuto a prestare le misure di assistenza al consumatore imposte dal criterio di diligenza professionale esclusivamente in riferimento agli obblighi a proprio carico per disposizione di legge o di contratto. L\u2019organizzatore e il venditore sono esonerati dalle rispettive responsabilit\u00e0 (art. 15 e 16 delle presenti Condizioni Generali) qualora la mancata od inesatta esecuzione del contratto \u00e8 imputabile al consumatore o \u00e8 dipesa dal fatto di un terzo a carattere imprevedibile o inevitabile, ovvero \u00e8 stata causata da un caso fortuito o di forza maggiore.<\/p><p>18. RECLAMI E DENUNCE<\/p><p>Ogni mancanza nell\u2019esecuzione del contratto deve essere contestata dal consumatore senza ritardo affinch\u00e9 l\u2019organizzatore, il suo rappresentante locale o l\u2019accompagnatore vi pongano tempestivamente rimedio. In caso contrario non potr\u00e0 essere contestato l\u2019inadempimento contrattuale. Il consumatore dovr\u00e0 altres\u00ec \u2013 a pena di decadenza \u2013 sporgere reclamo mediante l\u2019invio di una raccomandata, con avviso di ricevimento, all\u2019organizzatore o al venditore, entro e non oltre dieci giorni lavorativi dalla data del rientro presso la localit\u00e0 di partenza.<\/p><p>19. ASSICURAZIONE CONTRO LE SPESE DI ANNULLAMENTO E DI RIMPATRIO<\/p><p>Se non espressamente comprese nel prezzo, \u00e8 possibile, ed anzi consigliabile, stipulare al momento della prenotazione presso gli uffici dell\u2019organizzatore o del venditore speciali polizze assicurative con le spese derivanti dall\u2019annullamento del pacchetto, infortuni e bagagli. Sar\u00e0 altres\u00ec possibile stipulare un contratto di assistenza che copra le spese di rimpatrio in caso di incidenti e malattie.<\/p><p>20. FONDO DI GARANZIA<\/p><p>Il Fondo Nazionale di Garanzia (art. 100 Cod. Cons.) istituito a tutela dei consumatori che siano in possesso di contratto, provvede alle seguenti esigenze in caso di insolvenza o di fallimento dichiarato del venditore o dell\u2019organizzatore:<\/p><p>a) rimborso del prezzo versato<\/p><p>b) rimpatrio nel caso di viaggi all\u2019estero.<\/p><p>Il fondo deve altres\u00ec fornire un\u2019immediata disponibilit\u00e0 economica in caso di rientro forzato di turisti da Paesi extracomunitari in occasione di emergenze imputabili o meno al comportamento dell\u2019organizzatore. Le modalit\u00e0 di intervento del Fondo sono stabilite col decreto del Presidente del Consiglio dei Ministri del 23\/07\/99, n. 349.<\/p><p>ADDENDUM<\/p><p>CONDIZIONI GENERALI DI CONTRATTO DI VENDITA DI SINGOLI SERVIZI TURISTICI<\/p><p>A) DISPOSIZIONI NORMATIVE<\/p><p>I contratti aventi ad oggetto l\u2019offerta del solo servizio di trasporto, di soggiorno, ovvero di qualunque altro separato servizio turistico, non potendosi configurare come fattispecie negoziale di organizzazione di viaggio ovvero di pacchetto turistico, sono disciplinati dalle seguenti disposizioni della CCV: art.1, n.3 e n.6; artt. Da 17 a 23; artt. Da 24 a 31, per quanto concerne le previsioni diverse da quelle relative al contratto di organizzazione nonch\u00e9 dalle altre pattuizioni specificamente riferite alla vendita del singolo servizio oggetto di contratto.<\/p><p>B) CONDIZIONI DI CONTRATTO<\/p><p>A tali contratti sono altres\u00ec applicabili le seguenti clausole delle condizioni generali di contratto di vendita di pacchetti turistici sopra riportate: art. 4 1\u00b0 comma; art. 5; art. 7; art.8; art.9; art. 10 1\u00b0 comma; art. 11; art. 15; art. 17. L\u2019applicazione di dette clausole non determina assolutamente la configurazione dei relativi contratti come fattispecie di pacchetto turistico. La terminologia delle citate clausole relativa al contratto di pacchetto turistico (organizzatore, viaggio ecc..) va pertanto intesa con riferimento alle corrispondenti figure del contratto di vendita di singoli servizi turistici (venditore, soggiorno ecc\u2026).<\/p><p>Approvate nel settembre 2007 da Assotravel, Assoviaggi, Astoi e Fiavet.<\/p><p>COMUNICAZIONE OBBLIGATORIA Comunicazione ai sensi dell\u2019art. 16 della L. 269\/98: La legge italiana punisce con la pena della reclusione i reati inerenti alla prostituzione e alla pornografia minorile anche se gli stesi sono commessi all\u2019estero.<\/p><p>Nota informativa ai sensi del DLgs 196\/2003:<\/p><p>Ai sensi dell\u2019art. 13 del D. Lgs 30.6.2003 n. 196, Tedi Tour Operator srl comunica ai propri Clienti che: I dati personali (di seguito Dati): sono necessari per la gestione del contratto.<\/p><p>potranno essere utilizzati per statistiche aventi lo scopo di monitorare il grado di soddisfazione della clientela sulla qualit\u00e0 dei servizi resi e sull\u2019attivit\u00e0 svolta al fine di un migliore orientamento alle esigenze della clientela stessa, nonch\u00e9 per finalit\u00e0 commerciali, promozionali e\/o di vendita nonch\u00e9 per inoltrare mediante posta elettronica, lettere, telefono, invio di materiale pubblicitario, ecc. (di seguito \u201cMarketing\u201d); per tale specifica finalit\u00e0 conferimento dei dati e consenso al trattamento sono liberi e facoltativi.<\/p><p>Il trattamento dei Dati avviene mediante utilizzo di strumenti manuali, informatici e telematici. Il loro trattamento avviene con logiche strettamente correlate e in modo da garantire la sicurezza e la riservatezza dei Dati; titolare del trattamento dei dati personali \u00e8 TEDI TOUR OPERATOR SRL<\/p><p>Ai sensi dell\u2019art. 7 del D. Lgs. n. 196\/2003, il Cliente ha diritto di ottenere da TEDI TOUR la conferma dell\u2019esistenza o meno dei suoi Dati, l\u2019aggiornamento, la loro rettifica, la cancellazione o la loro trasformazione in forma anonima scrivendo a info@teditour.com.<\/p><p>SCHEDA TECNICA ORGANIZZAZIONE<\/p><p>TEDI TOUR OPERATOR<br \/>Sede Legale: Via F.sco Francavilla, 5 \u2013 70013 Castellana Grotte BA<br \/>Sede Operativa: Via Della Conciliazione, 56 \u2013 70017 Putignano BA<br \/>P.IVA\/C.F. 07987700726<br \/>Autorizzazione TO\/ADV n. PG0048907<br \/>Polizza Assicurativa responsabilit\u00e0 civile professionale per agenzie di viaggio e tour operator \u2013 Europ Assistance Italia Spa \u2013 n. 4350300<\/p>\t\t\t\t\t\t\t\t<\/div>\n\t\t\t\t<\/div>\n\t\t\t\t<\/div>\n\t\t\t\t<\/div>\n\t\t\t\t<\/div>","protected":false},"excerpt":{"rendered":"<p>CONDIZIONI GENERALI DI CONTRATTO DI VENDITA DI PACCHETTI TURISTICI. 1. FONTI LEGISLATIVE La vendita di pacchetti turistici, che abbiano ad oggetto servizi da fornire in territorio sia nazionale che estero, \u00e8 disciplinata dalla L. 27\/12\/1977 n\u00b01084 di ratifica ed esecuzione della Convenzione Internazionale relativa al contratto di viaggio (CCV) firmata a Bruxelles il 23.4.1970 \u2013 [&hellip;]<\/p>\n","protected":false},"author":1,"featured_media":0,"parent":0,"menu_order":0,"comment_status":"closed","ping_status":"closed","template":"elementor_header_footer","meta":{"footnotes":""},"class_list":["post-4958","page","type-page","status-publish","hentry"],"_links":{"self":[{"href":"https:\/\/teditour.com\/en\/wp-json\/wp\/v2\/pages\/4958","targetHints":{"allow":["GET"]}}],"collection":[{"href":"https:\/\/teditour.com\/en\/wp-json\/wp\/v2\/pages"}],"about":[{"href":"https:\/\/teditour.com\/en\/wp-json\/wp\/v2\/types\/page"}],"author":[{"embeddable":true,"href":"https:\/\/teditour.com\/en\/wp-json\/wp\/v2\/users\/1"}],"replies":[{"embeddable":true,"href":"https:\/\/teditour.com\/en\/wp-json\/wp\/v2\/comments?post=4958"}],"version-history":[{"count":7,"href":"https:\/\/teditour.com\/en\/wp-json\/wp\/v2\/pages\/4958\/revisions"}],"predecessor-version":[{"id":4966,"href":"https:\/\/teditour.com\/en\/wp-json\/wp\/v2\/pages\/4958\/revisions\/4966"}],"wp:attachment":[{"href":"https:\/\/teditour.com\/en\/wp-json\/wp\/v2\/media?parent=4958"}],"curies":[{"name":"wp","href":"https:\/\/api.w.org\/{rel}","templated":true}]}}